

{"id":409,"date":"2020-12-03T11:42:01","date_gmt":"2020-12-03T10:42:01","guid":{"rendered":"https:\/\/ww2.iit.cnr.it\/?page_id=409"},"modified":"2022-03-28T11:10:12","modified_gmt":"2022-03-28T09:10:12","slug":"phd-programs","status":"publish","type":"page","link":"https:\/\/www.iit.cnr.it\/en\/education\/phd-programs\/","title":{"rendered":"Phd Programs"},"content":{"rendered":"\n<p>We sit in the teaching council of the following PhD programs:<br><br><a rel=\"noreferrer noopener\" href=\"https:\/\/www.phd-ai.it\" target=\"_blank\"><strong>Artificial Intelligence PhD program<br><\/strong><\/a>Organized by CNR, Universit\u00e0 di Pisa, Politecnico di Torino, Universit\u00e0 Campus Bio-medico, Universit\u00e0 di Napoli Federico II, Sapienza Universit\u00e0 di Roma<br><strong><br><a href=\"https:\/\/smartcomputing.unifi.it\/\">Smart Computing&nbsp;PhD Program<\/a><\/strong> <br>Organized by Universit\u00e0 di Firenze, Universit\u00e0 di Pisa, Universit\u00e0 di Siena, CNR, Fondazione Bruno Kessler&nbsp;&nbsp;&nbsp;&nbsp;&nbsp;&nbsp;&nbsp;&nbsp;<br><br><a rel=\"noreferrer noopener\" href=\"https:\/\/phd.dii.unipi.it\/\" target=\"_blank\"><strong>Ingegneria dell\u2019Informazione PhD program<\/strong><\/a><br>Organized by Universit\u00e0 di Pisa&nbsp;&nbsp;&nbsp;<br><br><a rel=\"noreferrer noopener\" href=\"https:\/\/dottorato.di.unipi.it\" target=\"_blank\"><strong>Computer Science PhD Program<\/strong><\/a><br>Organized by Universit\u00e0 di Pisa<br><\/p>\n","protected":false},"excerpt":{"rendered":"<p>We sit in the teaching council of the following PhD programs: Artificial Intelligence PhD programOrganized by CNR, Universit\u00e0 di Pisa, Politecnico di Torino, Universit\u00e0 Campus Bio-medico, Universit\u00e0 di Napoli Federico II, Sapienza Universit\u00e0 di RomaSmart Computing&nbsp;PhD Program Organized by Universit\u00e0 di Firenze, Universit\u00e0 di Pisa, Universit\u00e0 di Siena, CNR, Fondazione Bruno Kessler&nbsp;&nbsp;&nbsp;&nbsp;&nbsp;&nbsp;&nbsp;&nbsp; Ingegneria dell\u2019Informazione PhD [&hellip;]<\/p>\n","protected":false},"author":3,"featured_media":0,"parent":404,"menu_order":0,"comment_status":"closed","ping_status":"closed","template":"pagina_con_sottopagine.php","meta":{"_acf_changed":false,"footnotes":""},"class_list":["post-409","page","type-page","status-publish","hentry"],"acf":[],"_links":{"self":[{"href":"https:\/\/www.iit.cnr.it\/en\/wp-json\/wp\/v2\/pages\/409","targetHints":{"allow":["GET"]}}],"collection":[{"href":"https:\/\/www.iit.cnr.it\/en\/wp-json\/wp\/v2\/pages"}],"about":[{"href":"https:\/\/www.iit.cnr.it\/en\/wp-json\/wp\/v2\/types\/page"}],"author":[{"embeddable":true,"href":"https:\/\/www.iit.cnr.it\/en\/wp-json\/wp\/v2\/users\/3"}],"replies":[{"embeddable":true,"href":"https:\/\/www.iit.cnr.it\/en\/wp-json\/wp\/v2\/comments?post=409"}],"version-history":[{"count":6,"href":"https:\/\/www.iit.cnr.it\/en\/wp-json\/wp\/v2\/pages\/409\/revisions"}],"predecessor-version":[{"id":1577,"href":"https:\/\/www.iit.cnr.it\/en\/wp-json\/wp\/v2\/pages\/409\/revisions\/1577"}],"up":[{"embeddable":true,"href":"https:\/\/www.iit.cnr.it\/en\/wp-json\/wp\/v2\/pages\/404"}],"wp:attachment":[{"href":"https:\/\/www.iit.cnr.it\/en\/wp-json\/wp\/v2\/media?parent=409"}],"curies":[{"name":"wp","href":"https:\/\/api.w.org\/{rel}","templated":true}]}}